{"id":61,"date":"2019-12-07T15:31:26","date_gmt":"2019-12-07T15:31:26","guid":{"rendered":"http:\/\/dorfladen-lippertshofen.info\/?page_id=61"},"modified":"2024-12-16T20:19:36","modified_gmt":"2024-12-16T20:19:36","slug":"genossenschaft","status":"publish","type":"page","link":"https:\/\/dorfladen-lippertshofen.de\/?page_id=61","title":{"rendered":"Genossenschaft"},"content":{"rendered":"\t\t<div data-elementor-type=\"wp-page\" data-elementor-id=\"61\" class=\"elementor elementor-61\">\n\t\t\t\t\t\t<section class=\"elementor-section elementor-top-section elementor-element elementor-element-ef785dc elementor-section-boxed elementor-section-height-default elementor-section-height-default\" data-id=\"ef785dc\" data-element_type=\"section\" data-e-type=\"section\">\n\t\t\t\t\t\t<div class=\"elementor-container elementor-column-gap-default\">\n\t\t\t\t\t<div class=\"elementor-column elementor-col-100 elementor-top-column elementor-element elementor-element-3dcfc47\" data-id=\"3dcfc47\" data-element_type=\"column\" data-e-type=\"column\">\n\t\t\t<div class=\"elementor-widget-wrap elementor-element-populated\">\n\t\t\t\t\t\t<div class=\"elementor-element elementor-element-f11d830 elementor-widget elementor-widget-text-editor\" data-id=\"f11d830\" data-element_type=\"widget\" data-e-type=\"widget\" data-widget_type=\"text-editor.default\">\n\t\t\t\t<div class=\"elementor-widget-container\">\n\t\t\t\t\t\t\t\t\t<p>Der Dorfladen Lippertshofen wurde in der Rechtsform &#8222;Genossenschaft&#8220; gegr\u00fcndet. Derzeit besteht die Genossenschaft aus ca. 230 Mitgliedern, die zusammen etwa 260 Gesch\u00e4ftsanteile besitzen.<\/p>\n<p>Bei der Mitgliederversammlung w\u00e4hlen die anwesenden Personen die Aufsichtsr\u00e4te, die sicherstellen sollen, dass der Dorfladen im Sinne der Anteilseigner gef\u00fchrt wird. Akutell besteht der Aufsichtsrat aus folgenden Personen:<\/p>\n<p>Hans-Peter Schober (Aufsichtsratsvorsitzender) <br>Andrea Mickel<br>Wilhelm Schie\u00dfl<br>Otto Hauf<br>Sebastian Wild<\/p>\n<p>Auch jetzt ist es noch m\u00f6glich, Mitglied der Genossenschaft und so Teil der &#8222;Dorfladen Lippertshofen eG&#8220; zu werden. Hier finden die Satzung der Genossenschaft, sowie eine Beitrittserkl\u00e4rung zum Download. Geben Sie diese einfach ausgef\u00fcllt im Laden ab oder werfen sie in den Briefkasten neben der Eingangst\u00fcre<\/p>\t\t\t\t\t\t\t\t<\/div>\n\t\t\t\t<\/div>\n\t\t\t\t\t<\/div>\n\t\t<\/div>\n\t\t\t\t\t<\/div>\n\t\t<\/section>\n\t\t\t\t<section class=\"elementor-section elementor-top-section elementor-element elementor-element-8acc1d0 elementor-section-boxed elementor-section-height-default elementor-section-height-default\" data-id=\"8acc1d0\" data-element_type=\"section\" data-e-type=\"section\">\n\t\t\t\t\t\t<div class=\"elementor-container elementor-column-gap-default\">\n\t\t\t\t\t<div class=\"elementor-column elementor-col-50 elementor-top-column elementor-element elementor-element-d137180\" data-id=\"d137180\" data-element_type=\"column\" data-e-type=\"column\">\n\t\t\t<div class=\"elementor-widget-wrap elementor-element-populated\">\n\t\t\t\t\t\t<div class=\"elementor-element elementor-element-60c4985 elementor-widget elementor-widget-text-editor\" data-id=\"60c4985\" data-element_type=\"widget\" data-e-type=\"widget\" data-widget_type=\"text-editor.default\">\n\t\t\t\t<div class=\"elementor-widget-container\">\n\t\t\t\t\t\t\t\t\t<h4><a href=\"http:\/\/dorfladen-lippertshofen.info\/wp-content\/uploads\/2019\/10\/DLL_Satzung.pdf\" target=\"_blank\" rel=\"noopener\">zur Satzung der Genossenschaft<\/a><\/h4>\t\t\t\t\t\t\t\t<\/div>\n\t\t\t\t<\/div>\n\t\t\t\t\t<\/div>\n\t\t<\/div>\n\t\t\t\t<div class=\"elementor-column elementor-col-50 elementor-top-column elementor-element elementor-element-565c259\" data-id=\"565c259\" data-element_type=\"column\" data-e-type=\"column\">\n\t\t\t<div class=\"elementor-widget-wrap elementor-element-populated\">\n\t\t\t\t\t\t<div class=\"elementor-element elementor-element-56b3517 elementor-widget elementor-widget-text-editor\" data-id=\"56b3517\" data-element_type=\"widget\" data-e-type=\"widget\" data-widget_type=\"text-editor.default\">\n\t\t\t\t<div class=\"elementor-widget-container\">\n\t\t\t\t\t\t\t\t\t<h4><a href=\"http:\/\/dorfladen-lippertshofen.info\/wp-content\/uploads\/2019\/10\/DLL_Beitrittserklaerung.pdf\" target=\"_blank\" rel=\"noopener\">zur Beitrittserkl\u00e4rung<\/a><\/h4>\t\t\t\t\t\t\t\t<\/div>\n\t\t\t\t<\/div>\n\t\t\t\t\t<\/div>\n\t\t<\/div>\n\t\t\t\t\t<\/div>\n\t\t<\/section>\n\t\t\t\t<\/div>\n\t\t","protected":false},"excerpt":{"rendered":"<p>Der Dorfladen Lippertshofen wurde in der Rechtsform &#8222;Genossenschaft&#8220; gegr\u00fcndet. Derzeit besteht die Genossenschaft aus ca. 230 Mitgliedern, die zusammen etwa 260 Gesch\u00e4ftsanteile [&hellip;]<\/p>\n","protected":false},"author":2,"featured_media":0,"parent":0,"menu_order":0,"comment_status":"closed","ping_status":"closed","template":"","meta":{"footnotes":""},"class_list":["post-61","page","type-page","status-publish","hentry"],"_links":{"self":[{"href":"https:\/\/dorfladen-lippertshofen.de\/index.php?rest_route=\/wp\/v2\/pages\/61","targetHints":{"allow":["GET"]}}],"collection":[{"href":"https:\/\/dorfladen-lippertshofen.de\/index.php?rest_route=\/wp\/v2\/pages"}],"about":[{"href":"https:\/\/dorfladen-lippertshofen.de\/index.php?rest_route=\/wp\/v2\/types\/page"}],"author":[{"embeddable":true,"href":"https:\/\/dorfladen-lippertshofen.de\/index.php?rest_route=\/wp\/v2\/users\/2"}],"replies":[{"embeddable":true,"href":"https:\/\/dorfladen-lippertshofen.de\/index.php?rest_route=%2Fwp%2Fv2%2Fcomments&post=61"}],"version-history":[{"count":16,"href":"https:\/\/dorfladen-lippertshofen.de\/index.php?rest_route=\/wp\/v2\/pages\/61\/revisions"}],"predecessor-version":[{"id":830,"href":"https:\/\/dorfladen-lippertshofen.de\/index.php?rest_route=\/wp\/v2\/pages\/61\/revisions\/830"}],"wp:attachment":[{"href":"https:\/\/dorfladen-lippertshofen.de\/index.php?rest_route=%2Fwp%2Fv2%2Fmedia&parent=61"}],"curies":[{"name":"wp","href":"https:\/\/api.w.org\/{rel}","templated":true}]}}