{"id":59,"date":"2019-10-22T18:18:41","date_gmt":"2019-10-22T18:18:41","guid":{"rendered":"http:\/\/dorfladen-lippertshofen.info\/?page_id=59"},"modified":"2024-07-01T18:26:32","modified_gmt":"2024-07-01T18:26:32","slug":"geschichte","status":"publish","type":"page","link":"https:\/\/dorfladen-lippertshofen.de\/?page_id=59","title":{"rendered":"Geschichte"},"content":{"rendered":"\t\t<div data-elementor-type=\"wp-page\" data-elementor-id=\"59\" class=\"elementor elementor-59\">\n\t\t\t\t\t\t<section class=\"elementor-section elementor-top-section elementor-element elementor-element-e432cdd elementor-section-boxed elementor-section-height-default elementor-section-height-default\" data-id=\"e432cdd\" data-element_type=\"section\" data-e-type=\"section\">\n\t\t\t\t\t\t<div class=\"elementor-container elementor-column-gap-default\">\n\t\t\t\t\t<div class=\"elementor-column elementor-col-100 elementor-top-column elementor-element elementor-element-1e4d96f\" data-id=\"1e4d96f\" data-element_type=\"column\" data-e-type=\"column\">\n\t\t\t<div class=\"elementor-widget-wrap elementor-element-populated\">\n\t\t\t\t\t\t<div class=\"elementor-element elementor-element-47d3290 elementor-widget elementor-widget-text-editor\" data-id=\"47d3290\" data-element_type=\"widget\" data-e-type=\"widget\" data-widget_type=\"text-editor.default\">\n\t\t\t\t<div class=\"elementor-widget-container\">\n\t\t\t\t\t\t\t\t\t<p>Bereits 2007 kommt die Idee und der Wunsch nach einem Dorfladen auf. Im Jahr 2008 tun sich die Initiatoren zusammen und rufen das Projekt Dorfladen Lippertshofen ins Leben. Nach jahrelanger intensiver Vorarbeit, inkl. Neubau des Verkaufsgeb\u00e4udes, durch einen Arbeitskreis sowie Vorstand und Aufsichtsrat feiert der Dorfladen Lippertshofen am 06.05.2010 seine lang ersehnte Er\u00f6ffnung.<\/p><p>\u00a0<\/p><p>Aus einem Wunsch aus der Bev\u00f6lkerung und einer B\u00fcrgerinitiative heraus planten und organisierten die zehn Damen und Herren des Arbeitskreises ehrenamtlich das Projekt Dorfladen Lippertshofen, um dem Dorf eine Nahversorgung und einen Ort der Begegnung zu erm\u00f6glichen.<\/p><p>\u00a0<\/p><p>Neben der Entwicklung eines Gesch\u00e4ftsplanes, der Besichtigung potenzieller Verkaufsgeb\u00e4ude und bestehender Dorfl\u00e4den in anderen Gemeinden, galt es auch, m\u00f6glichst viele B\u00fcrgerinnen und B\u00fcrger f\u00fcr die Zeichnung von Genossenschaftsanteilen zu gewinnen. Denn der Erfolg eines Dorfladens kann nur gesichert werden, wenn die Bev\u00f6lkerung hinter ihm steht. Des Weiteren wird das Kapital ben\u00f6tigt, um Miete, Personalkosten, Anschaffungen und Einkauf zu decken, bis der Dorfladen sich finanziell so stabilisiert hat, dass er sich selbst tr\u00e4gt.\u00a0<\/p><p>\u00a0<\/p><p>Als dann zum Stand August 2008 \u00fcber 180 Lippertshofener Haushalte mehr als 220 Anteile gezeichnet hatten, war die notwendige Unterst\u00fctzung f\u00fcr das Projekt gesichert. Zu diesem Zeitpunkt stand auch schon ein geeigneter Standort fest. Der Spatenstich erfolgte im Juli 2009 und war der Auftakt f\u00fcr die Bauarbeiten, die im Fr\u00fchjahr 2010 abgeschlossen wurden.<\/p>\t\t\t\t\t\t\t\t<\/div>\n\t\t\t\t<\/div>\n\t\t\t\t\t<\/div>\n\t\t<\/div>\n\t\t\t\t\t<\/div>\n\t\t<\/section>\n\t\t\t\t<section class=\"elementor-section elementor-top-section elementor-element elementor-element-aa9efab elementor-section-boxed elementor-section-height-default elementor-section-height-default\" data-id=\"aa9efab\" data-element_type=\"section\" data-e-type=\"section\">\n\t\t\t\t\t\t<div class=\"elementor-container elementor-column-gap-default\">\n\t\t\t\t\t<div class=\"elementor-column elementor-col-50 elementor-top-column elementor-element elementor-element-58dd7c6\" data-id=\"58dd7c6\" data-element_type=\"column\" data-e-type=\"column\">\n\t\t\t<div class=\"elementor-widget-wrap elementor-element-populated\">\n\t\t\t\t\t\t<div class=\"elementor-element elementor-element-a79aa69 elementor-widget elementor-widget-text-editor\" data-id=\"a79aa69\" data-element_type=\"widget\" data-e-type=\"widget\" data-widget_type=\"text-editor.default\">\n\t\t\t\t<div class=\"elementor-widget-container\">\n\t\t\t\t\t\t\t\t\t<p>Heute gibt es den Dorfladen mit B\u00e4cker-, Metzgertheke und Caf\u00e9 nun mehr als 14 Jahre. Seit 14 Jahren schlie\u00dft er eine zuvor lange Versorgungsl\u00fccke, bietet uns einen Dorfmittelpunkt und einen Ort f\u00fcr gem\u00fctliches Beisammensein.<\/p>\t\t\t\t\t\t\t\t<\/div>\n\t\t\t\t<\/div>\n\t\t\t\t\t<\/div>\n\t\t<\/div>\n\t\t\t\t<div class=\"elementor-column elementor-col-50 elementor-top-column elementor-element elementor-element-b951646\" data-id=\"b951646\" data-element_type=\"column\" data-e-type=\"column\">\n\t\t\t<div class=\"elementor-widget-wrap elementor-element-populated\">\n\t\t\t\t\t\t<div class=\"elementor-element elementor-element-d2fd465 elementor-arrows-position-inside elementor-pagination-position-outside elementor-widget elementor-widget-image-carousel\" data-id=\"d2fd465\" data-element_type=\"widget\" data-e-type=\"widget\" data-settings=\"{&quot;slides_to_show&quot;:&quot;1&quot;,&quot;navigation&quot;:&quot;both&quot;,&quot;autoplay&quot;:&quot;yes&quot;,&quot;pause_on_hover&quot;:&quot;yes&quot;,&quot;pause_on_interaction&quot;:&quot;yes&quot;,&quot;autoplay_speed&quot;:5000,&quot;infinite&quot;:&quot;yes&quot;,&quot;effect&quot;:&quot;slide&quot;,&quot;speed&quot;:500}\" data-widget_type=\"image-carousel.default\">\n\t\t\t\t<div class=\"elementor-widget-container\">\n\t\t\t\t\t\t\t<div class=\"elementor-image-carousel-wrapper swiper\" role=\"region\" aria-roledescription=\"carousel\" aria-label=\"Bild Karussell\" dir=\"ltr\">\n\t\t\t<div class=\"elementor-image-carousel swiper-wrapper\" aria-live=\"off\">\n\t\t\t\t\t\t\t\t<div class=\"swiper-slide\" role=\"group\" aria-roledescription=\"slide\" aria-label=\"1 von 9\"><figure class=\"swiper-slide-inner\"><img decoding=\"async\" class=\"swiper-slide-image\" src=\"https:\/\/dorfladen-lippertshofen.de\/wp-content\/uploads\/2019\/10\/DL-Platz-leer-008-300x225.jpg\" alt=\"Vor Baubeginn\" \/><\/figure><\/div><div class=\"swiper-slide\" role=\"group\" aria-roledescription=\"slide\" aria-label=\"2 von 9\"><figure class=\"swiper-slide-inner\"><img decoding=\"async\" class=\"swiper-slide-image\" src=\"https:\/\/dorfladen-lippertshofen.de\/wp-content\/uploads\/2019\/10\/DL-Platz-leer-024-300x225.jpg\" alt=\"Apriss\" \/><\/figure><\/div><div class=\"swiper-slide\" role=\"group\" aria-roledescription=\"slide\" aria-label=\"3 von 9\"><figure class=\"swiper-slide-inner\"><img decoding=\"async\" class=\"swiper-slide-image\" src=\"https:\/\/dorfladen-lippertshofen.de\/wp-content\/uploads\/2019\/10\/Dorfladen-Plan1-183x300.jpg\" alt=\"Planung\" \/><\/figure><\/div><div class=\"swiper-slide\" role=\"group\" aria-roledescription=\"slide\" aria-label=\"4 von 9\"><figure class=\"swiper-slide-inner\"><img decoding=\"async\" class=\"swiper-slide-image\" src=\"https:\/\/dorfladen-lippertshofen.de\/wp-content\/uploads\/2019\/10\/Grundsteinlegung-Dorfladen-29_07_2009-35-300x225.jpg\" alt=\"Grundsteinlegung\" \/><\/figure><\/div><div class=\"swiper-slide\" role=\"group\" aria-roledescription=\"slide\" aria-label=\"5 von 9\"><figure class=\"swiper-slide-inner\"><img decoding=\"async\" class=\"swiper-slide-image\" src=\"https:\/\/dorfladen-lippertshofen.de\/wp-content\/uploads\/2019\/10\/Hebauf-Dorfladen-13_10_2009-029-199x300.jpg\" alt=\"Richtfest\" \/><\/figure><\/div><div class=\"swiper-slide\" role=\"group\" aria-roledescription=\"slide\" aria-label=\"6 von 9\"><figure class=\"swiper-slide-inner\"><img decoding=\"async\" class=\"swiper-slide-image\" src=\"https:\/\/dorfladen-lippertshofen.de\/wp-content\/uploads\/2019\/10\/Hebauf-Dorfladen-13_10_2009-102-300x199.jpg\" alt=\"Bau\" \/><\/figure><\/div><div class=\"swiper-slide\" role=\"group\" aria-roledescription=\"slide\" aria-label=\"7 von 9\"><figure class=\"swiper-slide-inner\"><img decoding=\"async\" class=\"swiper-slide-image\" src=\"https:\/\/dorfladen-lippertshofen.de\/wp-content\/uploads\/2019\/10\/IMG_1409-org-300x225.jpg\" alt=\"Gr\u00fcnder\" \/><\/figure><\/div><div class=\"swiper-slide\" role=\"group\" aria-roledescription=\"slide\" aria-label=\"8 von 9\"><figure class=\"swiper-slide-inner\"><img decoding=\"async\" class=\"swiper-slide-image\" src=\"https:\/\/dorfladen-lippertshofen.de\/wp-content\/uploads\/2019\/10\/P1010034-300x225.jpg\" alt=\"fast fertig\" \/><\/figure><\/div><div class=\"swiper-slide\" role=\"group\" aria-roledescription=\"slide\" aria-label=\"9 von 9\"><figure class=\"swiper-slide-inner\"><img decoding=\"async\" class=\"swiper-slide-image\" src=\"https:\/\/dorfladen-lippertshofen.de\/wp-content\/uploads\/2019\/10\/P1010040-300x225.jpg\" alt=\"Bautafel\" \/><\/figure><\/div>\t\t\t<\/div>\n\t\t\t\t\t\t\t\t\t\t\t\t<div class=\"elementor-swiper-button elementor-swiper-button-prev\" role=\"button\" tabindex=\"0\">\n\t\t\t\t\t\t<i aria-hidden=\"true\" class=\"eicon-chevron-left\"><\/i>\t\t\t\t\t<\/div>\n\t\t\t\t\t<div class=\"elementor-swiper-button elementor-swiper-button-next\" role=\"button\" tabindex=\"0\">\n\t\t\t\t\t\t<i aria-hidden=\"true\" class=\"eicon-chevron-right\"><\/i>\t\t\t\t\t<\/div>\n\t\t\t\t\n\t\t\t\t\t\t\t\t\t<div class=\"swiper-pagination\"><\/div>\n\t\t\t\t\t\t\t\t\t<\/div>\n\t\t\t\t\t\t<\/div>\n\t\t\t\t<\/div>\n\t\t\t\t\t<\/div>\n\t\t<\/div>\n\t\t\t\t\t<\/div>\n\t\t<\/section>\n\t\t\t\t<section class=\"elementor-section elementor-top-section elementor-element elementor-element-c909016 elementor-section-boxed elementor-section-height-default elementor-section-height-default\" data-id=\"c909016\" data-element_type=\"section\" data-e-type=\"section\">\n\t\t\t\t\t\t<div class=\"elementor-container elementor-column-gap-default\">\n\t\t\t\t\t<div class=\"elementor-column elementor-col-50 elementor-top-column elementor-element elementor-element-37128f7\" data-id=\"37128f7\" data-element_type=\"column\" data-e-type=\"column\">\n\t\t\t<div class=\"elementor-widget-wrap elementor-element-populated\">\n\t\t\t\t\t\t<div class=\"elementor-element elementor-element-9018fc3 elementor-widget elementor-widget-text-editor\" data-id=\"9018fc3\" data-element_type=\"widget\" data-e-type=\"widget\" data-widget_type=\"text-editor.default\">\n\t\t\t\t<div class=\"elementor-widget-container\">\n\t\t\t\t\t\t\t\t\t<p>Wir \u2013 das sind unsere zehn Mitarbeiterinnen, die Ehrenamtlichen und der gemeinn\u00fctzige Vorstand sowie Aufsichtsrat \u2013 bedanken uns bei allen treuen Kundinnen und Kunden f\u00fcr Ihr Vertrauen und freuen uns auf Ihren Einkauf im Dorfladen Lippertshofen!<\/p>\t\t\t\t\t\t\t\t<\/div>\n\t\t\t\t<\/div>\n\t\t\t\t\t<\/div>\n\t\t<\/div>\n\t\t\t\t<div class=\"elementor-column elementor-col-50 elementor-top-column elementor-element elementor-element-650de0f\" data-id=\"650de0f\" data-element_type=\"column\" data-e-type=\"column\">\n\t\t\t<div class=\"elementor-widget-wrap elementor-element-populated\">\n\t\t\t\t\t\t<div class=\"elementor-element elementor-element-e36ea29 elementor-arrows-position-inside elementor-pagination-position-outside elementor-widget elementor-widget-image-carousel\" data-id=\"e36ea29\" data-element_type=\"widget\" data-e-type=\"widget\" data-settings=\"{&quot;slides_to_show&quot;:&quot;1&quot;,&quot;navigation&quot;:&quot;both&quot;,&quot;autoplay&quot;:&quot;yes&quot;,&quot;pause_on_hover&quot;:&quot;yes&quot;,&quot;pause_on_interaction&quot;:&quot;yes&quot;,&quot;autoplay_speed&quot;:5000,&quot;infinite&quot;:&quot;yes&quot;,&quot;effect&quot;:&quot;slide&quot;,&quot;speed&quot;:500}\" data-widget_type=\"image-carousel.default\">\n\t\t\t\t<div class=\"elementor-widget-container\">\n\t\t\t\t\t\t\t<div class=\"elementor-image-carousel-wrapper swiper\" role=\"region\" aria-roledescription=\"carousel\" aria-label=\"Bild Karussell\" dir=\"ltr\">\n\t\t\t<div class=\"elementor-image-carousel swiper-wrapper\" aria-live=\"off\">\n\t\t\t\t\t\t\t\t<div class=\"swiper-slide\" role=\"group\" aria-roledescription=\"slide\" aria-label=\"1 von 7\"><figure class=\"swiper-slide-inner\"><img decoding=\"async\" class=\"swiper-slide-image\" src=\"https:\/\/dorfladen-lippertshofen.de\/wp-content\/uploads\/2019\/10\/b9-300x225.jpg\" alt=\"Deko\" \/><\/figure><\/div><div class=\"swiper-slide\" role=\"group\" aria-roledescription=\"slide\" aria-label=\"2 von 7\"><figure class=\"swiper-slide-inner\"><img decoding=\"async\" class=\"swiper-slide-image\" src=\"https:\/\/dorfladen-lippertshofen.de\/wp-content\/uploads\/2019\/10\/b10-300x225.jpg\" alt=\"Deko\" \/><\/figure><\/div><div class=\"swiper-slide\" role=\"group\" aria-roledescription=\"slide\" aria-label=\"3 von 7\"><figure class=\"swiper-slide-inner\"><img decoding=\"async\" class=\"swiper-slide-image\" src=\"https:\/\/dorfladen-lippertshofen.de\/wp-content\/uploads\/2019\/10\/b11-1-300x225.jpg\" alt=\"Deko\" \/><\/figure><\/div><div class=\"swiper-slide\" role=\"group\" aria-roledescription=\"slide\" aria-label=\"4 von 7\"><figure class=\"swiper-slide-inner\"><img decoding=\"async\" class=\"swiper-slide-image\" src=\"https:\/\/dorfladen-lippertshofen.de\/wp-content\/uploads\/2019\/10\/b12-300x225.jpg\" alt=\"Laden\" \/><\/figure><\/div><div class=\"swiper-slide\" role=\"group\" aria-roledescription=\"slide\" aria-label=\"5 von 7\"><figure class=\"swiper-slide-inner\"><img decoding=\"async\" class=\"swiper-slide-image\" src=\"https:\/\/dorfladen-lippertshofen.de\/wp-content\/uploads\/2019\/10\/P1140593hp-300x280.jpg\" alt=\"Caf\u00e9\" \/><\/figure><\/div><div class=\"swiper-slide\" role=\"group\" aria-roledescription=\"slide\" aria-label=\"6 von 7\"><figure class=\"swiper-slide-inner\"><img decoding=\"async\" class=\"swiper-slide-image\" src=\"https:\/\/dorfladen-lippertshofen.de\/wp-content\/uploads\/2019\/10\/P1140631hp-300x238.jpg\" alt=\"Deko\" \/><\/figure><\/div><div class=\"swiper-slide\" role=\"group\" aria-roledescription=\"slide\" aria-label=\"7 von 7\"><figure class=\"swiper-slide-inner\"><img decoding=\"async\" class=\"swiper-slide-image\" src=\"https:\/\/dorfladen-lippertshofen.de\/wp-content\/uploads\/2019\/10\/P1140639hp-300x193.jpg\" alt=\"Laden\" \/><\/figure><\/div>\t\t\t<\/div>\n\t\t\t\t\t\t\t\t\t\t\t\t<div class=\"elementor-swiper-button elementor-swiper-button-prev\" role=\"button\" tabindex=\"0\">\n\t\t\t\t\t\t<i aria-hidden=\"true\" class=\"eicon-chevron-left\"><\/i>\t\t\t\t\t<\/div>\n\t\t\t\t\t<div class=\"elementor-swiper-button elementor-swiper-button-next\" role=\"button\" tabindex=\"0\">\n\t\t\t\t\t\t<i aria-hidden=\"true\" class=\"eicon-chevron-right\"><\/i>\t\t\t\t\t<\/div>\n\t\t\t\t\n\t\t\t\t\t\t\t\t\t<div class=\"swiper-pagination\"><\/div>\n\t\t\t\t\t\t\t\t\t<\/div>\n\t\t\t\t\t\t<\/div>\n\t\t\t\t<\/div>\n\t\t\t\t\t<\/div>\n\t\t<\/div>\n\t\t\t\t\t<\/div>\n\t\t<\/section>\n\t\t\t\t<\/div>\n\t\t","protected":false},"excerpt":{"rendered":"<p>Bereits 2007 kommt die Idee und der Wunsch nach einem Dorfladen auf. Im Jahr 2008 tun sich die Initiatoren zusammen und rufen [&hellip;]<\/p>\n","protected":false},"author":2,"featured_media":0,"parent":0,"menu_order":0,"comment_status":"closed","ping_status":"closed","template":"","meta":{"footnotes":""},"class_list":["post-59","page","type-page","status-publish","hentry"],"_links":{"self":[{"href":"https:\/\/dorfladen-lippertshofen.de\/index.php?rest_route=\/wp\/v2\/pages\/59","targetHints":{"allow":["GET"]}}],"collection":[{"href":"https:\/\/dorfladen-lippertshofen.de\/index.php?rest_route=\/wp\/v2\/pages"}],"about":[{"href":"https:\/\/dorfladen-lippertshofen.de\/index.php?rest_route=\/wp\/v2\/types\/page"}],"author":[{"embeddable":true,"href":"https:\/\/dorfladen-lippertshofen.de\/index.php?rest_route=\/wp\/v2\/users\/2"}],"replies":[{"embeddable":true,"href":"https:\/\/dorfladen-lippertshofen.de\/index.php?rest_route=%2Fwp%2Fv2%2Fcomments&post=59"}],"version-history":[{"count":8,"href":"https:\/\/dorfladen-lippertshofen.de\/index.php?rest_route=\/wp\/v2\/pages\/59\/revisions"}],"predecessor-version":[{"id":795,"href":"https:\/\/dorfladen-lippertshofen.de\/index.php?rest_route=\/wp\/v2\/pages\/59\/revisions\/795"}],"wp:attachment":[{"href":"https:\/\/dorfladen-lippertshofen.de\/index.php?rest_route=%2Fwp%2Fv2%2Fmedia&parent=59"}],"curies":[{"name":"wp","href":"https:\/\/api.w.org\/{rel}","templated":true}]}}