{"id":48,"date":"2019-10-21T16:07:53","date_gmt":"2019-10-21T16:07:53","guid":{"rendered":"http:\/\/dorfladen-lippertshofen.info\/?page_id=48"},"modified":"2025-04-06T18:26:48","modified_gmt":"2025-04-06T18:26:48","slug":"sortiment","status":"publish","type":"page","link":"https:\/\/dorfladen-lippertshofen.de\/?page_id=48","title":{"rendered":"Sortiment"},"content":{"rendered":"<p><strong>Dinge des allt\u00e4glichen Bedarfs, z.B.: <img fetchpriority=\"high\" decoding=\"async\" class=\"alignright\" src=\"https:\/\/dorfladen-lippertshofen.de\/wp-content\/uploads\/2019\/10\/b3.jpg\" sizes=\"(max-width: 448px) 100vw, 448px\" srcset=\"https:\/\/dorfladen-lippertshofen.de\/wp-content\/uploads\/2019\/10\/b3.jpg 448w, https:\/\/dorfladen-lippertshofen.de\/wp-content\/uploads\/2019\/10\/b3-300x225.jpg 300w, https:\/\/dorfladen-lippertshofen.de\/wp-content\/uploads\/2019\/10\/b3-230x173.jpg 230w, https:\/\/dorfladen-lippertshofen.de\/wp-content\/uploads\/2019\/10\/b3-350x263.jpg 350w\" alt=\"\" width=\"448\" height=\"336\" \/><\/strong><\/p>\n<ul>\n<li>Frisches Obst &amp; Gem\u00fcse<\/li>\n<li>Milchprodukte &amp; Butter im K\u00fchlregal<\/li>\n<li>Diverse TK-Produkte<\/li>\n<li>Nudeln, Konserven<\/li>\n<li>S\u00fc\u00dfwaren<\/li>\n<li>Hygiene- und Putzartikel<\/li>\n<li>Getr\u00e4nke &amp; alkoholische Getr\u00e4nke<\/li>\n<li>Geschenkartikel<\/li>\n<\/ul>\n<p><strong>Regionale Spezialit\u00e4ten:<br \/><\/strong><\/p>\n<ul>\n<li>Frische Eier und Eiernudeln<\/li>\n<li>Bio-Milch (immer freitags)<strong><img decoding=\"async\" class=\"alignright\" src=\"https:\/\/dorfladen-lippertshofen.de\/wp-content\/uploads\/2019\/10\/P1140553.jpg\" sizes=\"(max-width: 448px) 100vw, 448px\" srcset=\"https:\/\/dorfladen-lippertshofen.de\/wp-content\/uploads\/2019\/10\/P1140553.jpg 448w, https:\/\/dorfladen-lippertshofen.de\/wp-content\/uploads\/2019\/10\/P1140553-300x225.jpg 300w, https:\/\/dorfladen-lippertshofen.de\/wp-content\/uploads\/2019\/10\/P1140553-230x173.jpg 230w, https:\/\/dorfladen-lippertshofen.de\/wp-content\/uploads\/2019\/10\/P1140553-350x263.jpg 350w\" alt=\"\" width=\"448\" height=\"336\" \/><\/strong><\/li>\n<li>Kaffee von regionalen R\u00f6stereien<\/li>\n<li>Honig u. Honigprodukte aus der Region<\/li>\n<li>Erlesene Weine direkt vom Winzer<\/li>\n<li>Livadi Tee, feinste Gew\u00fcrze ohne Geschmacksverst\u00e4rker<\/li>\n<li>Frischer Fisch aus Regelmannsbrunn (auf Bestellung)<\/li>\n<li>Angusrind aus dem Altm\u00fchltal (auf Bestellung)<\/li>\n<li>Holunder-, K\u00fcrbiskernprodukte, Raps-, Lein\u00f6l aus dem Altm\u00fchltal<\/li>\n<li>Erlesene Obstbr\u00e4nde und Lik\u00f6re direkt von Bauernh\u00f6fen aus Bayern<img decoding=\"async\" class=\"alignright\" src=\"https:\/\/dorfladen-lippertshofen.de\/wp-content\/uploads\/2019\/10\/P1140545.jpg\" sizes=\"(max-width: 448px) 100vw, 448px\" srcset=\"https:\/\/dorfladen-lippertshofen.de\/wp-content\/uploads\/2019\/10\/P1140545.jpg 448w, https:\/\/dorfladen-lippertshofen.de\/wp-content\/uploads\/2019\/10\/P1140545-300x225.jpg 300w, https:\/\/dorfladen-lippertshofen.de\/wp-content\/uploads\/2019\/10\/P1140545-230x173.jpg 230w, https:\/\/dorfladen-lippertshofen.de\/wp-content\/uploads\/2019\/10\/P1140545-350x263.jpg 350w\" alt=\"\" width=\"448\" height=\"336\" \/><\/li>\n<li>Apfelsaft und Mischs\u00e4fte von ungespritzten Streuobstwiesen im prakt. 5l Bag in Box<\/li>\n<li>Wildkr\u00e4utersalz, -essig, -lik\u00f6re von der Kr\u00e4uterp\u00e4dagogin<\/li>\n<li>Weizen, Dinkel, Roggenmehl aus der Hainm\u00fchle<\/li>\n<li>Hausgemachte Fruchtaufstriche, Griebenschmalz u. Fleischsalat<\/li>\n<li>nicht alkoholische und alkoholische Getr\u00e4nke (Wasser, S\u00e4fte, Limonaden, Bier, \u2026)<\/li>\n<\/ul>\n<p><img loading=\"lazy\" decoding=\"async\" class=\"alignnone\" src=\"https:\/\/dorfladen-lippertshofen.de\/wp-content\/uploads\/2019\/10\/Bilder.jpg\" sizes=\"(max-width: 448px) 100vw, 448px\" srcset=\"https:\/\/dorfladen-lippertshofen.de\/wp-content\/uploads\/2019\/10\/Bilder.jpg 448w, https:\/\/dorfladen-lippertshofen.de\/wp-content\/uploads\/2019\/10\/Bilder-300x225.jpg 300w, https:\/\/dorfladen-lippertshofen.de\/wp-content\/uploads\/2019\/10\/Bilder-230x173.jpg 230w, https:\/\/dorfladen-lippertshofen.de\/wp-content\/uploads\/2019\/10\/Bilder-350x263.jpg 350w\" alt=\"\" width=\"383\" height=\"288\" \/> <img loading=\"lazy\" decoding=\"async\" class=\"alignnone\" src=\"https:\/\/dorfladen-lippertshofen.de\/wp-content\/uploads\/2019\/10\/P1140565.jpg\" sizes=\"(max-width: 448px) 100vw, 448px\" srcset=\"https:\/\/dorfladen-lippertshofen.de\/wp-content\/uploads\/2019\/10\/P1140565.jpg 448w, https:\/\/dorfladen-lippertshofen.de\/wp-content\/uploads\/2019\/10\/P1140565-300x225.jpg 300w, https:\/\/dorfladen-lippertshofen.de\/wp-content\/uploads\/2019\/10\/P1140565-230x173.jpg 230w, https:\/\/dorfladen-lippertshofen.de\/wp-content\/uploads\/2019\/10\/P1140565-350x263.jpg 350w\" alt=\"\" width=\"383\" height=\"287\" \/><\/p>\n<h2 style=\"padding-left: 40px; text-align: center;\"><strong>Unser Service f\u00fcr Sie:<\/strong><\/h2>\n<p style=\"text-align: center;\">Fingerfood<\/p>\n<p style=\"text-align: center;\">belegte Riesenbrezen<\/p>\n<p style=\"text-align: center;\">Geschenkk\u00f6rbe in jeder Preisklasse mit Spezialit\u00e4ten aus Bayern<\/p>\n<p style=\"text-align: center;\">Einkaufsgutscheine<\/p>\n<p style=\"text-align: center;\">K\u00e4se- und Wurstplatten f\u00fcr jede Gelegenheit<\/p>\n<p style=\"text-align: center;\">verschiedene Braten f\u00fcr Ihre Feier zu Hause<\/p>\n<p style=\"text-align: center;\">Geschenkideen f\u00fcr jeden Anlass<\/p>\n<p style=\"text-align: center;\">******<\/p>\n<p>\u00a0<\/p>\n\n\n<div class=\"wp-block-columns is-layout-flex wp-container-core-columns-is-layout-28f84493 wp-block-columns-is-layout-flex\">\n<div class=\"wp-block-column is-layout-flow wp-block-column-is-layout-flow\" style=\"flex-basis:100%\"><\/div>\n<\/div>\n\n\n\n<div class=\"wp-block-columns is-layout-flex wp-container-core-columns-is-layout-28f84493 wp-block-columns-is-layout-flex\">\n<div class=\"wp-block-column is-layout-flow wp-block-column-is-layout-flow\">\n<figure class=\"wp-block-image size-large\"><img loading=\"lazy\" decoding=\"async\" width=\"1024\" height=\"768\" src=\"https:\/\/dorfladen-lippertshofen.de\/wp-content\/uploads\/2025\/04\/3fb2e71f-962a-4868-87c9-12a6cbc3f5b7-1-1024x768.jpg\" alt=\"\" class=\"wp-image-838\" srcset=\"https:\/\/dorfladen-lippertshofen.de\/wp-content\/uploads\/2025\/04\/3fb2e71f-962a-4868-87c9-12a6cbc3f5b7-1-1024x768.jpg 1024w, https:\/\/dorfladen-lippertshofen.de\/wp-content\/uploads\/2025\/04\/3fb2e71f-962a-4868-87c9-12a6cbc3f5b7-1-300x225.jpg 300w, https:\/\/dorfladen-lippertshofen.de\/wp-content\/uploads\/2025\/04\/3fb2e71f-962a-4868-87c9-12a6cbc3f5b7-1-768x576.jpg 768w, https:\/\/dorfladen-lippertshofen.de\/wp-content\/uploads\/2025\/04\/3fb2e71f-962a-4868-87c9-12a6cbc3f5b7-1-1536x1152.jpg 1536w, https:\/\/dorfladen-lippertshofen.de\/wp-content\/uploads\/2025\/04\/3fb2e71f-962a-4868-87c9-12a6cbc3f5b7-1-1000x750.jpg 1000w, https:\/\/dorfladen-lippertshofen.de\/wp-content\/uploads\/2025\/04\/3fb2e71f-962a-4868-87c9-12a6cbc3f5b7-1-230x173.jpg 230w, https:\/\/dorfladen-lippertshofen.de\/wp-content\/uploads\/2025\/04\/3fb2e71f-962a-4868-87c9-12a6cbc3f5b7-1-350x263.jpg 350w, https:\/\/dorfladen-lippertshofen.de\/wp-content\/uploads\/2025\/04\/3fb2e71f-962a-4868-87c9-12a6cbc3f5b7-1-480x360.jpg 480w, https:\/\/dorfladen-lippertshofen.de\/wp-content\/uploads\/2025\/04\/3fb2e71f-962a-4868-87c9-12a6cbc3f5b7-1.jpg 2000w\" sizes=\"(max-width: 1024px) 100vw, 1024px\" \/><\/figure>\n<\/div>\n\n\n\n<div class=\"wp-block-column is-layout-flow wp-block-column-is-layout-flow\">\n<figure class=\"wp-block-image size-large\"><img loading=\"lazy\" decoding=\"async\" width=\"1024\" height=\"768\" src=\"https:\/\/dorfladen-lippertshofen.de\/wp-content\/uploads\/2025\/04\/97b09a73-8765-4704-801c-692e4c5fa7b4-1024x768.jpg\" alt=\"\" class=\"wp-image-839\" srcset=\"https:\/\/dorfladen-lippertshofen.de\/wp-content\/uploads\/2025\/04\/97b09a73-8765-4704-801c-692e4c5fa7b4-1024x768.jpg 1024w, https:\/\/dorfladen-lippertshofen.de\/wp-content\/uploads\/2025\/04\/97b09a73-8765-4704-801c-692e4c5fa7b4-300x225.jpg 300w, https:\/\/dorfladen-lippertshofen.de\/wp-content\/uploads\/2025\/04\/97b09a73-8765-4704-801c-692e4c5fa7b4-768x576.jpg 768w, https:\/\/dorfladen-lippertshofen.de\/wp-content\/uploads\/2025\/04\/97b09a73-8765-4704-801c-692e4c5fa7b4-1536x1152.jpg 1536w, https:\/\/dorfladen-lippertshofen.de\/wp-content\/uploads\/2025\/04\/97b09a73-8765-4704-801c-692e4c5fa7b4-1000x750.jpg 1000w, https:\/\/dorfladen-lippertshofen.de\/wp-content\/uploads\/2025\/04\/97b09a73-8765-4704-801c-692e4c5fa7b4-230x173.jpg 230w, https:\/\/dorfladen-lippertshofen.de\/wp-content\/uploads\/2025\/04\/97b09a73-8765-4704-801c-692e4c5fa7b4-350x263.jpg 350w, https:\/\/dorfladen-lippertshofen.de\/wp-content\/uploads\/2025\/04\/97b09a73-8765-4704-801c-692e4c5fa7b4-480x360.jpg 480w, https:\/\/dorfladen-lippertshofen.de\/wp-content\/uploads\/2025\/04\/97b09a73-8765-4704-801c-692e4c5fa7b4.jpg 2000w\" sizes=\"(max-width: 1024px) 100vw, 1024px\" \/><\/figure>\n<\/div>\n<\/div>\n\n\n\n<div class=\"wp-block-columns is-layout-flex wp-container-core-columns-is-layout-28f84493 wp-block-columns-is-layout-flex\">\n<div class=\"wp-block-column is-layout-flow wp-block-column-is-layout-flow\">\n<figure class=\"wp-block-image size-large\"><img loading=\"lazy\" decoding=\"async\" width=\"768\" height=\"1024\" src=\"https:\/\/dorfladen-lippertshofen.de\/wp-content\/uploads\/2025\/04\/a5f91793-7801-46d0-9ece-83c91f817093-768x1024.jpg\" alt=\"\" class=\"wp-image-840\" srcset=\"https:\/\/dorfladen-lippertshofen.de\/wp-content\/uploads\/2025\/04\/a5f91793-7801-46d0-9ece-83c91f817093-768x1024.jpg 768w, https:\/\/dorfladen-lippertshofen.de\/wp-content\/uploads\/2025\/04\/a5f91793-7801-46d0-9ece-83c91f817093-225x300.jpg 225w, https:\/\/dorfladen-lippertshofen.de\/wp-content\/uploads\/2025\/04\/a5f91793-7801-46d0-9ece-83c91f817093-1152x1536.jpg 1152w, https:\/\/dorfladen-lippertshofen.de\/wp-content\/uploads\/2025\/04\/a5f91793-7801-46d0-9ece-83c91f817093-1000x1333.jpg 1000w, https:\/\/dorfladen-lippertshofen.de\/wp-content\/uploads\/2025\/04\/a5f91793-7801-46d0-9ece-83c91f817093-230x307.jpg 230w, https:\/\/dorfladen-lippertshofen.de\/wp-content\/uploads\/2025\/04\/a5f91793-7801-46d0-9ece-83c91f817093-350x467.jpg 350w, https:\/\/dorfladen-lippertshofen.de\/wp-content\/uploads\/2025\/04\/a5f91793-7801-46d0-9ece-83c91f817093-480x640.jpg 480w, https:\/\/dorfladen-lippertshofen.de\/wp-content\/uploads\/2025\/04\/a5f91793-7801-46d0-9ece-83c91f817093.jpg 1500w\" sizes=\"(max-width: 768px) 100vw, 768px\" \/><\/figure>\n<\/div>\n\n\n\n<div class=\"wp-block-column is-layout-flow wp-block-column-is-layout-flow\">\n<figure class=\"wp-block-image size-large\"><img loading=\"lazy\" decoding=\"async\" width=\"1024\" height=\"768\" src=\"https:\/\/dorfladen-lippertshofen.de\/wp-content\/uploads\/2025\/04\/b82083be-1c0d-49e7-ab31-543295275c4a-1024x768.jpg\" alt=\"\" class=\"wp-image-841\" srcset=\"https:\/\/dorfladen-lippertshofen.de\/wp-content\/uploads\/2025\/04\/b82083be-1c0d-49e7-ab31-543295275c4a-1024x768.jpg 1024w, https:\/\/dorfladen-lippertshofen.de\/wp-content\/uploads\/2025\/04\/b82083be-1c0d-49e7-ab31-543295275c4a-300x225.jpg 300w, https:\/\/dorfladen-lippertshofen.de\/wp-content\/uploads\/2025\/04\/b82083be-1c0d-49e7-ab31-543295275c4a-768x576.jpg 768w, https:\/\/dorfladen-lippertshofen.de\/wp-content\/uploads\/2025\/04\/b82083be-1c0d-49e7-ab31-543295275c4a-1536x1152.jpg 1536w, https:\/\/dorfladen-lippertshofen.de\/wp-content\/uploads\/2025\/04\/b82083be-1c0d-49e7-ab31-543295275c4a-1000x750.jpg 1000w, https:\/\/dorfladen-lippertshofen.de\/wp-content\/uploads\/2025\/04\/b82083be-1c0d-49e7-ab31-543295275c4a-230x173.jpg 230w, https:\/\/dorfladen-lippertshofen.de\/wp-content\/uploads\/2025\/04\/b82083be-1c0d-49e7-ab31-543295275c4a-350x263.jpg 350w, https:\/\/dorfladen-lippertshofen.de\/wp-content\/uploads\/2025\/04\/b82083be-1c0d-49e7-ab31-543295275c4a-480x360.jpg 480w, https:\/\/dorfladen-lippertshofen.de\/wp-content\/uploads\/2025\/04\/b82083be-1c0d-49e7-ab31-543295275c4a.jpg 2000w\" sizes=\"(max-width: 1024px) 100vw, 1024px\" \/><\/figure>\n\n\n\n<figure class=\"wp-block-image size-large\"><img loading=\"lazy\" decoding=\"async\" width=\"768\" height=\"1024\" src=\"https:\/\/dorfladen-lippertshofen.de\/wp-content\/uploads\/2025\/04\/4374f45d-7a9e-4ccc-bb39-cfc6d314da54-768x1024.jpg\" alt=\"\" class=\"wp-image-842\" srcset=\"https:\/\/dorfladen-lippertshofen.de\/wp-content\/uploads\/2025\/04\/4374f45d-7a9e-4ccc-bb39-cfc6d314da54-768x1024.jpg 768w, https:\/\/dorfladen-lippertshofen.de\/wp-content\/uploads\/2025\/04\/4374f45d-7a9e-4ccc-bb39-cfc6d314da54-225x300.jpg 225w, https:\/\/dorfladen-lippertshofen.de\/wp-content\/uploads\/2025\/04\/4374f45d-7a9e-4ccc-bb39-cfc6d314da54-1152x1536.jpg 1152w, https:\/\/dorfladen-lippertshofen.de\/wp-content\/uploads\/2025\/04\/4374f45d-7a9e-4ccc-bb39-cfc6d314da54-1000x1333.jpg 1000w, https:\/\/dorfladen-lippertshofen.de\/wp-content\/uploads\/2025\/04\/4374f45d-7a9e-4ccc-bb39-cfc6d314da54-230x307.jpg 230w, https:\/\/dorfladen-lippertshofen.de\/wp-content\/uploads\/2025\/04\/4374f45d-7a9e-4ccc-bb39-cfc6d314da54-350x467.jpg 350w, https:\/\/dorfladen-lippertshofen.de\/wp-content\/uploads\/2025\/04\/4374f45d-7a9e-4ccc-bb39-cfc6d314da54-480x640.jpg 480w, https:\/\/dorfladen-lippertshofen.de\/wp-content\/uploads\/2025\/04\/4374f45d-7a9e-4ccc-bb39-cfc6d314da54.jpg 1500w\" sizes=\"(max-width: 768px) 100vw, 768px\" \/><\/figure>\n<\/div>\n<\/div>\n","protected":false},"excerpt":{"rendered":"<p>Dinge des allt\u00e4glichen Bedarfs, z.B.: Frisches Obst &amp; Gem\u00fcse Milchprodukte &amp; Butter im K\u00fchlregal Diverse TK-Produkte Nudeln, Konserven S\u00fc\u00dfwaren Hygiene- und Putzartikel [&hellip;]<\/p>\n","protected":false},"author":2,"featured_media":0,"parent":0,"menu_order":0,"comment_status":"closed","ping_status":"closed","template":"","meta":{"footnotes":""},"class_list":["post-48","page","type-page","status-publish","hentry"],"_links":{"self":[{"href":"https:\/\/dorfladen-lippertshofen.de\/index.php?rest_route=\/wp\/v2\/pages\/48","targetHints":{"allow":["GET"]}}],"collection":[{"href":"https:\/\/dorfladen-lippertshofen.de\/index.php?rest_route=\/wp\/v2\/pages"}],"about":[{"href":"https:\/\/dorfladen-lippertshofen.de\/index.php?rest_route=\/wp\/v2\/types\/page"}],"author":[{"embeddable":true,"href":"https:\/\/dorfladen-lippertshofen.de\/index.php?rest_route=\/wp\/v2\/users\/2"}],"replies":[{"embeddable":true,"href":"https:\/\/dorfladen-lippertshofen.de\/index.php?rest_route=%2Fwp%2Fv2%2Fcomments&post=48"}],"version-history":[{"count":39,"href":"https:\/\/dorfladen-lippertshofen.de\/index.php?rest_route=\/wp\/v2\/pages\/48\/revisions"}],"predecessor-version":[{"id":843,"href":"https:\/\/dorfladen-lippertshofen.de\/index.php?rest_route=\/wp\/v2\/pages\/48\/revisions\/843"}],"wp:attachment":[{"href":"https:\/\/dorfladen-lippertshofen.de\/index.php?rest_route=%2Fwp%2Fv2%2Fmedia&parent=48"}],"curies":[{"name":"wp","href":"https:\/\/api.w.org\/{rel}","templated":true}]}}